{"id":6,"date":"2023-06-21T07:34:23","date_gmt":"2023-06-21T07:34:23","guid":{"rendered":"https:\/\/xn--pamelansurelu-gjb33ao8m.com\/?page_id=6"},"modified":"2025-10-20T04:10:59","modified_gmt":"2025-10-20T04:10:59","slug":"home","status":"publish","type":"page","link":"https:\/\/xn--pamelansurelu-gjb33ao8m.com\/","title":{"rendered":"Home &#8211; Psiholog Pamela \u00censur\u0103\u021belu"},"content":{"rendered":"\t\t<div data-elementor-type=\"wp-page\" data-elementor-id=\"6\" class=\"elementor elementor-6\" data-elementor-post-type=\"page\">\n\t\t\t\t<div class=\"elementor-element elementor-element-8202974 e-flex e-con-boxed e-con e-parent\" data-id=\"8202974\" data-element_type=\"container\" data-e-type=\"container\" data-settings=\"{&quot;background_background&quot;:&quot;classic&quot;}\">\n\t\t\t\t\t<div class=\"e-con-inner\">\n\t\t<div class=\"elementor-element elementor-element-e8f5ce5 e-con-full e-flex e-con e-child\" data-id=\"e8f5ce5\" data-element_type=\"container\" data-e-type=\"container\">\n\t\t\t\t<div class=\"elementor-element elementor-element-722bb13 elementor-widget elementor-widget-image\" data-id=\"722bb13\" data-element_type=\"widget\" data-e-type=\"widget\" data-widget_type=\"image.default\">\n\t\t\t\t<div class=\"elementor-widget-container\">\n\t\t\t\t\t\t\t\t\t\t\t\t\t\t\t<img fetchpriority=\"high\" decoding=\"async\" width=\"683\" height=\"1024\" src=\"https:\/\/xn--pamelansurelu-gjb33ao8m.com\/wp-content\/uploads\/2023\/06\/Pamela_portret-1-683x1024.webp\" class=\"attachment-large size-large wp-image-165\" alt=\"\" srcset=\"https:\/\/xn--pamelansurelu-gjb33ao8m.com\/wp-content\/uploads\/2023\/06\/Pamela_portret-1-683x1024.webp 683w, https:\/\/xn--pamelansurelu-gjb33ao8m.com\/wp-content\/uploads\/2023\/06\/Pamela_portret-1-200x300.webp 200w, https:\/\/xn--pamelansurelu-gjb33ao8m.com\/wp-content\/uploads\/2023\/06\/Pamela_portret-1-768x1152.webp 768w, https:\/\/xn--pamelansurelu-gjb33ao8m.com\/wp-content\/uploads\/2023\/06\/Pamela_portret-1-1024x1536.webp 1024w, https:\/\/xn--pamelansurelu-gjb33ao8m.com\/wp-content\/uploads\/2023\/06\/Pamela_portret-1.webp 1200w\" sizes=\"(max-width: 683px) 100vw, 683px\" \/>\t\t\t\t\t\t\t\t\t\t\t\t\t\t\t<\/div>\n\t\t\t\t<\/div>\n\t\t\t\t<\/div>\n\t\t<div class=\"elementor-element elementor-element-b43a114 e-flex e-con-boxed e-con e-child\" data-id=\"b43a114\" data-element_type=\"container\" data-e-type=\"container\">\n\t\t\t\t\t<div class=\"e-con-inner\">\n\t\t\t\t<div class=\"elementor-element elementor-element-4e7da5bb animated-slow elementor-widget__width-initial elementor-widget-mobile__width-initial elementor-invisible elementor-widget elementor-widget-heading\" data-id=\"4e7da5bb\" data-element_type=\"widget\" data-e-type=\"widget\" data-settings=\"{&quot;_animation&quot;:&quot;fadeIn&quot;}\" data-widget_type=\"heading.default\">\n\t\t\t\t<div class=\"elementor-widget-container\">\n\t\t\t\t\t<h1 class=\"elementor-heading-title elementor-size-default\">Pamela - Adriana \u00censur\u0103\u021belu<\/h1>\t\t\t\t<\/div>\n\t\t\t\t<\/div>\n\t\t\t\t<div class=\"elementor-element elementor-element-c304a67 elementor-icon-list--layout-traditional elementor-list-item-link-full_width elementor-widget elementor-widget-icon-list\" data-id=\"c304a67\" data-element_type=\"widget\" data-e-type=\"widget\" data-widget_type=\"icon-list.default\">\n\t\t\t\t<div class=\"elementor-widget-container\">\n\t\t\t\t\t\t\t<ul class=\"elementor-icon-list-items\">\n\t\t\t\t\t\t\t<li class=\"elementor-icon-list-item\">\n\t\t\t\t\t\t\t\t\t\t\t<span class=\"elementor-icon-list-icon\">\n\t\t\t\t\t\t\t<svg aria-hidden=\"true\" class=\"e-font-icon-svg e-far-arrow-alt-circle-right\" viewBox=\"0 0 512 512\" xmlns=\"http:\/\/www.w3.org\/2000\/svg\"><path d=\"M504 256C504 119 393 8 256 8S8 119 8 256s111 248 248 248 248-111 248-248zm-448 0c0-110.5 89.5-200 200-200s200 89.5 200 200-89.5 200-200 200S56 366.5 56 256zm72 20v-40c0-6.6 5.4-12 12-12h116v-67c0-10.7 12.9-16 20.5-8.5l99 99c4.7 4.7 4.7 12.3 0 17l-99 99c-7.6 7.6-20.5 2.2-20.5-8.5v-67H140c-6.6 0-12-5.4-12-12z\"><\/path><\/svg>\t\t\t\t\t\t<\/span>\n\t\t\t\t\t\t\t\t\t\t<span class=\"elementor-icon-list-text\">Psiholog<\/span>\n\t\t\t\t\t\t\t\t\t<\/li>\n\t\t\t\t\t\t\t\t<li class=\"elementor-icon-list-item\">\n\t\t\t\t\t\t\t\t\t\t\t<span class=\"elementor-icon-list-icon\">\n\t\t\t\t\t\t\t<svg aria-hidden=\"true\" class=\"e-font-icon-svg e-far-arrow-alt-circle-right\" viewBox=\"0 0 512 512\" xmlns=\"http:\/\/www.w3.org\/2000\/svg\"><path d=\"M504 256C504 119 393 8 256 8S8 119 8 256s111 248 248 248 248-111 248-248zm-448 0c0-110.5 89.5-200 200-200s200 89.5 200 200-89.5 200-200 200S56 366.5 56 256zm72 20v-40c0-6.6 5.4-12 12-12h116v-67c0-10.7 12.9-16 20.5-8.5l99 99c4.7 4.7 4.7 12.3 0 17l-99 99c-7.6 7.6-20.5 2.2-20.5-8.5v-67H140c-6.6 0-12-5.4-12-12z\"><\/path><\/svg>\t\t\t\t\t\t<\/span>\n\t\t\t\t\t\t\t\t\t\t<span class=\"elementor-icon-list-text\">Psiho-oncolog<\/span>\n\t\t\t\t\t\t\t\t\t<\/li>\n\t\t\t\t\t\t\t\t<li class=\"elementor-icon-list-item\">\n\t\t\t\t\t\t\t\t\t\t\t<span class=\"elementor-icon-list-icon\">\n\t\t\t\t\t\t\t<svg aria-hidden=\"true\" class=\"e-font-icon-svg e-far-arrow-alt-circle-right\" viewBox=\"0 0 512 512\" xmlns=\"http:\/\/www.w3.org\/2000\/svg\"><path d=\"M504 256C504 119 393 8 256 8S8 119 8 256s111 248 248 248 248-111 248-248zm-448 0c0-110.5 89.5-200 200-200s200 89.5 200 200-89.5 200-200 200S56 366.5 56 256zm72 20v-40c0-6.6 5.4-12 12-12h116v-67c0-10.7 12.9-16 20.5-8.5l99 99c4.7 4.7 4.7 12.3 0 17l-99 99c-7.6 7.6-20.5 2.2-20.5-8.5v-67H140c-6.6 0-12-5.4-12-12z\"><\/path><\/svg>\t\t\t\t\t\t<\/span>\n\t\t\t\t\t\t\t\t\t\t<span class=\"elementor-icon-list-text\">Navigator pacien\u021bi<\/span>\n\t\t\t\t\t\t\t\t\t<\/li>\n\t\t\t\t\t\t<\/ul>\n\t\t\t\t\t\t<\/div>\n\t\t\t\t<\/div>\n\t\t\t\t\t<\/div>\n\t\t\t\t<\/div>\n\t\t\t\t\t<\/div>\n\t\t\t\t<\/div>\n\t\t<div class=\"elementor-element elementor-element-e9b8021 e-flex e-con-boxed e-con e-parent\" data-id=\"e9b8021\" data-element_type=\"container\" data-e-type=\"container\" data-settings=\"{&quot;background_background&quot;:&quot;classic&quot;}\">\n\t\t\t\t\t<div class=\"e-con-inner\">\n\t\t\t\t<div class=\"elementor-element elementor-element-b151996 elementor-widget elementor-widget-text-editor\" data-id=\"b151996\" data-element_type=\"widget\" data-e-type=\"widget\" data-widget_type=\"text-editor.default\">\n\t\t\t\t<div class=\"elementor-widget-container\">\n\t\t\t\t\t\t\t\t\t<p>Psiholog clinician cu drept de liber\u0103 practic\u0103, specializat \u00een psiho-oncologie, navigator de pacien\u021bi oncologici certificat, membru activ IPOS (International Psycho-Oncology Society), psihoterapeut TCC \u00een formare. Sunt suma experien\u021belor mele de via\u021b\u0103, acumul\u00e2nd pe parcurs fragmente din tr\u0103irile oamenilor care au \u00eemp\u0103rt\u0103\u0219it cu mine momentele lor bune sau mai pu\u021bin bune. De-a lungul anilor am lucrat cu copii \u0219i adolescen\u021bi (dezvoltare personal\u0103, dep\u0103\u0219irea unor momente critice), am f\u0103cut voluntariat \u00een zone defavorizate \u0219i de peste 7 ani lucrez zilnic \u00een domeniul oncologiei, oferind suport de specialitate \u00een aria test\u0103rilor genetice. Colaborez cu medici oncologi \u0219i al\u021bi speciali\u0219ti implica\u021bi \u00een \u00eengrijirea pacientelor, ajut\u00e2nd la \u00een\u021belegerea traseului oncologic, a recomand\u0103rilor de testare \u0219i a felului \u00een care rezultatele pot ghida pa\u0219ii urm\u0103tori. Aceast\u0103 experien\u021b\u0103 mi-a oferit o perspectiv\u0103 profund\u0103 asupra modului \u00een care informa\u021biile medicale \u0219i emo\u021biile se \u00eempletesc \u00een parcursul oncologic.<\/p><p data-start=\"1320\" data-end=\"1653\">Dorin\u021ba mea este de a crea un mediu deschis \u0219i sigur \u00een care g\u00e2ndurile \u0219i sentimentele pot fi \u00eemp\u0103rt\u0103\u0219ite f\u0103r\u0103 team\u0103 de judecat\u0103, unde nevoia de a fi auzit, sus\u021binut \u0219i \u00eenso\u021bit pe parcursul \u201cdrumului\u201d poate fi acoperit\u0103 deoarece cred c\u0103 beneficiile terapiei sunt profund legate de rela\u021bia terapeutic\u0103. C\u0103l\u0103toria \u00eencepe cu primul pas.Folosesc o varietate de elemente din abord\u0103ri terapeutice precum terapia cognitiv comportamental\u0103, terapii scurte centrate pe solu\u021bii \u0219i resurse, terapia accept\u0103rii \u0219i angajamentului dar \u0219i din altele dac\u0103 sunt mai potrivite pentru situa\u021bia specific\u0103.Am experien\u021b\u0103 \u00een ameliorarea st\u0103rilor de distres \u0219i anxietate, reg\u0103sirea motiva\u021biei, a stimei de sine \u0219i \u00eencrederii, dep\u0103\u0219irea durerii \u0219i a pierderii.<\/p>\t\t\t\t\t\t\t\t<\/div>\n\t\t\t\t<\/div>\n\t\t\t\t\t<\/div>\n\t\t\t\t<\/div>\n\t\t<div class=\"elementor-element elementor-element-75c5d404 e-grid e-con-boxed elementor-invisible e-con e-parent\" data-id=\"75c5d404\" data-element_type=\"container\" data-e-type=\"container\" data-settings=\"{&quot;animation&quot;:&quot;fadeInUp&quot;,&quot;background_background&quot;:&quot;classic&quot;}\">\n\t\t\t\t\t<div class=\"e-con-inner\">\n\t\t<div class=\"elementor-element elementor-element-3cf331a0 e-con-full e-flex e-con e-child\" data-id=\"3cf331a0\" data-element_type=\"container\" data-e-type=\"container\" data-settings=\"{&quot;background_background&quot;:&quot;classic&quot;}\">\n\t\t\t\t<div class=\"elementor-element elementor-element-4e3de5ff animated-slow elementor-invisible elementor-widget elementor-widget-heading\" data-id=\"4e3de5ff\" data-element_type=\"widget\" data-e-type=\"widget\" data-settings=\"{&quot;_animation&quot;:&quot;fadeIn&quot;}\" data-widget_type=\"heading.default\">\n\t\t\t\t<div class=\"elementor-widget-container\">\n\t\t\t\t\t<h3 class=\"elementor-heading-title elementor-size-default\">Consiliere psihologic\u0103\/<\/h3>\t\t\t\t<\/div>\n\t\t\t\t<\/div>\n\t\t\t\t<div class=\"elementor-element elementor-element-8add73f animated-slow elementor-invisible elementor-widget elementor-widget-heading\" data-id=\"8add73f\" data-element_type=\"widget\" data-e-type=\"widget\" data-settings=\"{&quot;_animation&quot;:&quot;fadeIn&quot;}\" data-widget_type=\"heading.default\">\n\t\t\t\t<div class=\"elementor-widget-container\">\n\t\t\t\t\t<h3 class=\"elementor-heading-title elementor-size-default\">\nDezvoltare personal\u0103:<\/h3>\t\t\t\t<\/div>\n\t\t\t\t<\/div>\n\t\t\t\t<div class=\"elementor-element elementor-element-2bc74186 elementor-invisible elementor-widget elementor-widget-text-editor\" data-id=\"2bc74186\" data-element_type=\"widget\" data-e-type=\"widget\" data-settings=\"{&quot;_animation&quot;:&quot;fadeIn&quot;,&quot;_animation_delay&quot;:200}\" data-widget_type=\"text-editor.default\">\n\t\t\t\t<div class=\"elementor-widget-container\">\n\t\t\t\t\t\t\t\t\t<p>Te voi ajuta s\u0103 descoperi ce aspecte ale vie\u021bii tale func\u021bioneaz\u0103 \u0219i ce nu. \u00cempreun\u0103 vom explora ce vrei, de ce vrei&#8230;<\/p>\t\t\t\t\t\t\t\t<\/div>\n\t\t\t\t<\/div>\n\t\t\t\t<div class=\"elementor-element elementor-element-29d2c156 elementor-align-left elementor-tablet-align-left elementor-mobile-align-center elementor-widget elementor-widget-button\" data-id=\"29d2c156\" data-element_type=\"widget\" data-e-type=\"widget\" data-widget_type=\"button.default\">\n\t\t\t\t<div class=\"elementor-widget-container\">\n\t\t\t\t\t\t\t\t\t<div class=\"elementor-button-wrapper\">\n\t\t\t\t\t<a class=\"elementor-button elementor-button-link elementor-size-sm elementor-animation-float\" href=\"https:\/\/xn--pamelansurelu-gjb33ao8m.com\/index.php\/how-can-i-help-cum-pot-ajuta-cazuistica\/#consiliere\">\n\t\t\t\t\t\t<span class=\"elementor-button-content-wrapper\">\n\t\t\t\t\t\t\t\t\t<span class=\"elementor-button-text\">Afl\u0103 mai multe \u27f6<\/span>\n\t\t\t\t\t<\/span>\n\t\t\t\t\t<\/a>\n\t\t\t\t<\/div>\n\t\t\t\t\t\t\t\t<\/div>\n\t\t\t\t<\/div>\n\t\t\t\t<\/div>\n\t\t<div class=\"elementor-element elementor-element-22a8ddb e-con-full e-flex e-con e-child\" data-id=\"22a8ddb\" data-element_type=\"container\" data-e-type=\"container\" data-settings=\"{&quot;background_background&quot;:&quot;classic&quot;}\">\n\t\t\t\t<div class=\"elementor-element elementor-element-681422c7 animated-slow elementor-invisible elementor-widget elementor-widget-heading\" data-id=\"681422c7\" data-element_type=\"widget\" data-e-type=\"widget\" data-settings=\"{&quot;_animation&quot;:&quot;fadeIn&quot;}\" data-widget_type=\"heading.default\">\n\t\t\t\t<div class=\"elementor-widget-container\">\n\t\t\t\t\t<h3 class=\"elementor-heading-title elementor-size-default\">Consiliere <\/h3>\t\t\t\t<\/div>\n\t\t\t\t<\/div>\n\t\t\t\t<div class=\"elementor-element elementor-element-6a4b0ab animated-slow elementor-invisible elementor-widget elementor-widget-heading\" data-id=\"6a4b0ab\" data-element_type=\"widget\" data-e-type=\"widget\" data-settings=\"{&quot;_animation&quot;:&quot;fadeIn&quot;}\" data-widget_type=\"heading.default\">\n\t\t\t\t<div class=\"elementor-widget-container\">\n\t\t\t\t\t<h3 class=\"elementor-heading-title elementor-size-default\">psiho-oncologica <\/h3>\t\t\t\t<\/div>\n\t\t\t\t<\/div>\n\t\t\t\t<div class=\"elementor-element elementor-element-5a17f89c elementor-invisible elementor-widget elementor-widget-text-editor\" data-id=\"5a17f89c\" data-element_type=\"widget\" data-e-type=\"widget\" data-settings=\"{&quot;_animation&quot;:&quot;fadeIn&quot;,&quot;_animation_delay&quot;:200}\" data-widget_type=\"text-editor.default\">\n\t\t\t\t<div class=\"elementor-widget-container\">\n\t\t\t\t\t\t\t\t\t<p>De la prima suspiciune \u0219i p\u00e2n\u0103 \u00een momentul \u00een care diagnosticul este confirmat, te po\u021bi confrunta cu o serie de provoc\u0103ri emo\u021bionale.<\/p>\t\t\t\t\t\t\t\t<\/div>\n\t\t\t\t<\/div>\n\t\t\t\t<div class=\"elementor-element elementor-element-5f15dd37 elementor-align-left elementor-tablet-align-left elementor-mobile-align-center elementor-widget elementor-widget-button\" data-id=\"5f15dd37\" data-element_type=\"widget\" data-e-type=\"widget\" data-widget_type=\"button.default\">\n\t\t\t\t<div class=\"elementor-widget-container\">\n\t\t\t\t\t\t\t\t\t<div class=\"elementor-button-wrapper\">\n\t\t\t\t\t<a class=\"elementor-button elementor-button-link elementor-size-sm elementor-animation-float\" href=\"https:\/\/xn--pamelansurelu-gjb33ao8m.com\/index.php\/how-can-i-help-cum-pot-ajuta-cazuistica\/\">\n\t\t\t\t\t\t<span class=\"elementor-button-content-wrapper\">\n\t\t\t\t\t\t\t\t\t<span class=\"elementor-button-text\">Afl\u0103 mai multe \u27f6<\/span>\n\t\t\t\t\t<\/span>\n\t\t\t\t\t<\/a>\n\t\t\t\t<\/div>\n\t\t\t\t\t\t\t\t<\/div>\n\t\t\t\t<\/div>\n\t\t\t\t<\/div>\n\t\t<div class=\"elementor-element elementor-element-6669126c e-con-full e-flex e-con e-child\" data-id=\"6669126c\" data-element_type=\"container\" data-e-type=\"container\" data-settings=\"{&quot;background_background&quot;:&quot;classic&quot;}\">\n\t\t\t\t<div class=\"elementor-element elementor-element-604f774b animated-slow elementor-invisible elementor-widget elementor-widget-heading\" data-id=\"604f774b\" data-element_type=\"widget\" data-e-type=\"widget\" data-settings=\"{&quot;_animation&quot;:&quot;fadeIn&quot;}\" data-widget_type=\"heading.default\">\n\t\t\t\t<div class=\"elementor-widget-container\">\n\t\t\t\t\t<h3 class=\"elementor-heading-title elementor-size-default\">Navigator de<\/h3>\t\t\t\t<\/div>\n\t\t\t\t<\/div>\n\t\t\t\t<div class=\"elementor-element elementor-element-9c51ff9 animated-slow elementor-invisible elementor-widget elementor-widget-heading\" data-id=\"9c51ff9\" data-element_type=\"widget\" data-e-type=\"widget\" data-settings=\"{&quot;_animation&quot;:&quot;fadeIn&quot;}\" data-widget_type=\"heading.default\">\n\t\t\t\t<div class=\"elementor-widget-container\">\n\t\t\t\t\t<h3 class=\"elementor-heading-title elementor-size-default\">pacien\u021bi oncologici<\/h3>\t\t\t\t<\/div>\n\t\t\t\t<\/div>\n\t\t\t\t<div class=\"elementor-element elementor-element-30f790ee elementor-invisible elementor-widget elementor-widget-text-editor\" data-id=\"30f790ee\" data-element_type=\"widget\" data-e-type=\"widget\" data-settings=\"{&quot;_animation&quot;:&quot;fadeIn&quot;,&quot;_animation_delay&quot;:200}\" data-widget_type=\"text-editor.default\">\n\t\t\t\t<div class=\"elementor-widget-container\">\n\t\t\t\t\t\t\t\t\t<p>Din 2018 sunt consilier de test\u0103ri genetice specifice oncologiei in cadrul unui laborator de biologie molecular\u0103.<\/p>\t\t\t\t\t\t\t\t<\/div>\n\t\t\t\t<\/div>\n\t\t\t\t<div class=\"elementor-element elementor-element-5a572623 elementor-align-left elementor-tablet-align-left elementor-mobile-align-center elementor-widget elementor-widget-button\" data-id=\"5a572623\" data-element_type=\"widget\" data-e-type=\"widget\" data-widget_type=\"button.default\">\n\t\t\t\t<div class=\"elementor-widget-container\">\n\t\t\t\t\t\t\t\t\t<div class=\"elementor-button-wrapper\">\n\t\t\t\t\t<a class=\"elementor-button elementor-button-link elementor-size-sm elementor-animation-float\" href=\"https:\/\/xn--pamelansurelu-gjb33ao8m.com\/index.php\/how-can-i-help-cum-pot-ajuta-cazuistica\/\">\n\t\t\t\t\t\t<span class=\"elementor-button-content-wrapper\">\n\t\t\t\t\t\t\t\t\t<span class=\"elementor-button-text\">Afl\u0103 mai multe \u27f6<\/span>\n\t\t\t\t\t<\/span>\n\t\t\t\t\t<\/a>\n\t\t\t\t<\/div>\n\t\t\t\t\t\t\t\t<\/div>\n\t\t\t\t<\/div>\n\t\t\t\t<\/div>\n\t\t<div class=\"elementor-element elementor-element-6485245e e-con-full e-flex e-con e-child\" data-id=\"6485245e\" data-element_type=\"container\" data-e-type=\"container\" data-settings=\"{&quot;background_background&quot;:&quot;classic&quot;}\">\n\t\t\t\t<div class=\"elementor-element elementor-element-55141a71 animated-slow elementor-invisible elementor-widget elementor-widget-heading\" data-id=\"55141a71\" data-element_type=\"widget\" data-e-type=\"widget\" data-settings=\"{&quot;_animation&quot;:&quot;fadeIn&quot;}\" data-widget_type=\"heading.default\">\n\t\t\t\t<div class=\"elementor-widget-container\">\n\t\t\t\t\t<h3 class=\"elementor-heading-title elementor-size-default\">Evaluare<\/h3>\t\t\t\t<\/div>\n\t\t\t\t<\/div>\n\t\t\t\t<div class=\"elementor-element elementor-element-2055aac animated-slow elementor-invisible elementor-widget elementor-widget-heading\" data-id=\"2055aac\" data-element_type=\"widget\" data-e-type=\"widget\" data-settings=\"{&quot;_animation&quot;:&quot;fadeIn&quot;}\" data-widget_type=\"heading.default\">\n\t\t\t\t<div class=\"elementor-widget-container\">\n\t\t\t\t\t<h3 class=\"elementor-heading-title elementor-size-default\">psihologic\u0103<\/h3>\t\t\t\t<\/div>\n\t\t\t\t<\/div>\n\t\t\t\t<div class=\"elementor-element elementor-element-2e9f6d6 elementor-invisible elementor-widget elementor-widget-text-editor\" data-id=\"2e9f6d6\" data-element_type=\"widget\" data-e-type=\"widget\" data-settings=\"{&quot;_animation&quot;:&quot;fadeIn&quot;,&quot;_animation_delay&quot;:200}\" data-widget_type=\"text-editor.default\">\n\t\t\t\t<div class=\"elementor-widget-container\">\n\t\t\t\t\t\t\t\t\t<p>Dac\u0103 dore\u0219ti o mai bun\u0103 \u00een\u021belegere a comportamentului \u0219i a proceselor de g\u00e2ndire, s\u0103 te cuno\u0219ti mai bine sau manife\u0219ti \u00eengrijor\u0103ri&#8230;<\/p>\t\t\t\t\t\t\t\t<\/div>\n\t\t\t\t<\/div>\n\t\t\t\t<div class=\"elementor-element elementor-element-375c5993 elementor-align-left elementor-tablet-align-left elementor-mobile-align-center elementor-widget elementor-widget-button\" data-id=\"375c5993\" data-element_type=\"widget\" data-e-type=\"widget\" data-widget_type=\"button.default\">\n\t\t\t\t<div class=\"elementor-widget-container\">\n\t\t\t\t\t\t\t\t\t<div class=\"elementor-button-wrapper\">\n\t\t\t\t\t<a class=\"elementor-button elementor-button-link elementor-size-sm elementor-animation-float\" href=\"https:\/\/xn--pamelansurelu-gjb33ao8m.com\/index.php\/how-can-i-help-cum-pot-ajuta-cazuistica\/\">\n\t\t\t\t\t\t<span class=\"elementor-button-content-wrapper\">\n\t\t\t\t\t\t\t\t\t<span class=\"elementor-button-text\">Afl\u0103 mai multe \u27f6<\/span>\n\t\t\t\t\t<\/span>\n\t\t\t\t\t<\/a>\n\t\t\t\t<\/div>\n\t\t\t\t\t\t\t\t<\/div>\n\t\t\t\t<\/div>\n\t\t\t\t<\/div>\n\t\t\t\t\t<\/div>\n\t\t\t\t<\/div>\n\t\t<div class=\"elementor-element elementor-element-cd2ba8d e-flex e-con-boxed e-con e-parent\" data-id=\"cd2ba8d\" data-element_type=\"container\" data-e-type=\"container\">\n\t\t\t\t\t<div class=\"e-con-inner\">\n\t\t\t\t<div class=\"elementor-element elementor-element-bb21293 elementor-widget elementor-widget-heading\" data-id=\"bb21293\" data-element_type=\"widget\" data-e-type=\"widget\" data-widget_type=\"heading.default\">\n\t\t\t\t<div class=\"elementor-widget-container\">\n\t\t\t\t\t<h2 class=\"elementor-heading-title elementor-size-default\">Add Your Heading Text Here<\/h2>\t\t\t\t<\/div>\n\t\t\t\t<\/div>\n\t\t\t\t\t<\/div>\n\t\t\t\t<\/div>\n\t\t\t\t<\/div>\n\t\t","protected":false},"excerpt":{"rendered":"<p>Psiholog clinician cu drept de liber\u0103 practic\u0103, specializat \u00een psiho-oncologie, navigator de pacien\u021bi oncologici certificat, membru activ IPOS (Interna\u021bional Psycho-Oncology Sociaty), psihoterapeut TCC \u00een formare<\/p>\n","protected":false},"author":2,"featured_media":160,"parent":0,"menu_order":0,"comment_status":"closed","ping_status":"closed","template":"","meta":{"two_page_speed":[],"footnotes":""},"class_list":["post-6","page","type-page","status-publish","has-post-thumbnail","hentry"],"_links":{"self":[{"href":"https:\/\/xn--pamelansurelu-gjb33ao8m.com\/index.php\/wp-json\/wp\/v2\/pages\/6","targetHints":{"allow":["GET"]}}],"collection":[{"href":"https:\/\/xn--pamelansurelu-gjb33ao8m.com\/index.php\/wp-json\/wp\/v2\/pages"}],"about":[{"href":"https:\/\/xn--pamelansurelu-gjb33ao8m.com\/index.php\/wp-json\/wp\/v2\/types\/page"}],"author":[{"embeddable":true,"href":"https:\/\/xn--pamelansurelu-gjb33ao8m.com\/index.php\/wp-json\/wp\/v2\/users\/2"}],"replies":[{"embeddable":true,"href":"https:\/\/xn--pamelansurelu-gjb33ao8m.com\/index.php\/wp-json\/wp\/v2\/comments?post=6"}],"version-history":[{"count":226,"href":"https:\/\/xn--pamelansurelu-gjb33ao8m.com\/index.php\/wp-json\/wp\/v2\/pages\/6\/revisions"}],"predecessor-version":[{"id":642,"href":"https:\/\/xn--pamelansurelu-gjb33ao8m.com\/index.php\/wp-json\/wp\/v2\/pages\/6\/revisions\/642"}],"wp:featuredmedia":[{"embeddable":true,"href":"https:\/\/xn--pamelansurelu-gjb33ao8m.com\/index.php\/wp-json\/wp\/v2\/media\/160"}],"wp:attachment":[{"href":"https:\/\/xn--pamelansurelu-gjb33ao8m.com\/index.php\/wp-json\/wp\/v2\/media?parent=6"}],"curies":[{"name":"wp","href":"https:\/\/api.w.org\/{rel}","templated":true}]}}