{"id":145,"date":"2023-06-24T12:42:52","date_gmt":"2023-06-24T12:42:52","guid":{"rendered":"https:\/\/xn--pamelansurelu-gjb33ao8m.com\/?page_id=145"},"modified":"2025-10-20T04:09:42","modified_gmt":"2025-10-20T04:09:42","slug":"how-can-i-help-cum-pot-ajuta-cazuistica","status":"publish","type":"page","link":"https:\/\/xn--pamelansurelu-gjb33ao8m.com\/index.php\/how-can-i-help-cum-pot-ajuta-cazuistica\/","title":{"rendered":""},"content":{"rendered":"\t\t<div data-elementor-type=\"wp-page\" data-elementor-id=\"145\" class=\"elementor elementor-145\" data-elementor-post-type=\"page\">\n\t\t\t\t<div class=\"elementor-element elementor-element-174e107 e-flex e-con-boxed e-con e-parent\" data-id=\"174e107\" data-element_type=\"container\" data-e-type=\"container\">\n\t\t\t\t\t<div class=\"e-con-inner\">\n\t\t\t\t\t<\/div>\n\t\t\t\t<\/div>\n\t\t<div class=\"elementor-element elementor-element-43f616d e-flex e-con-boxed e-con e-parent\" data-id=\"43f616d\" data-element_type=\"container\" data-e-type=\"container\" data-settings=\"{&quot;background_background&quot;:&quot;classic&quot;}\">\n\t\t\t\t\t<div class=\"e-con-inner\">\n\t\t<div class=\"elementor-element elementor-element-b1a1967 e-con-full e-flex e-con e-child\" data-id=\"b1a1967\" data-element_type=\"container\" data-e-type=\"container\" data-settings=\"{&quot;background_background&quot;:&quot;classic&quot;}\">\n\t\t\t\t<div class=\"elementor-element elementor-element-231d691 elementor-widget__width-initial elementor-widget-mobile__width-inherit elementor-widget elementor-widget-heading\" data-id=\"231d691\" data-element_type=\"widget\" data-e-type=\"widget\" data-widget_type=\"heading.default\">\n\t\t\t\t<div class=\"elementor-widget-container\">\n\t\t\t\t\t<h1 class=\"elementor-heading-title elementor-size-default\">Consiliere psihologic\u0103\/ Dezvoltare personal\u0103:<\/h1>\t\t\t\t<\/div>\n\t\t\t\t<\/div>\n\t\t\t\t<div class=\"elementor-element elementor-element-343ee4a elementor-widget__width-initial elementor-widget-mobile__width-inherit elementor-widget elementor-widget-text-editor\" data-id=\"343ee4a\" data-element_type=\"widget\" data-e-type=\"widget\" data-widget_type=\"text-editor.default\">\n\t\t\t\t<div class=\"elementor-widget-container\">\n\t\t\t\t\t\t\t\t\t<p>Te voi ajuta s\u0103 descoperi ce aspecte ale vie\u021bii tale func\u021bioneaz\u0103 \u0219i ce nu. \u00cempreun\u0103 vom explora ce vrei, de ce vrei, obstacolele pe care le \u00eent\u00e2mpini \u0219i cum s\u0103 le dep\u0103\u0219e\u0219\u021bi. \u00cencepem de unde e\u0219ti \u0219i lucr\u0103m la obiectivele tale, acord\u00e2nd o aten\u021bie deosebit\u0103 evolu\u021biei tale pe parcursul \u0219edin\u021belor.<\/p><p>Scopurile mele sunt s\u0103-\u021bi facilitez cu bl\u00e2nde\u021be dezvoltarea \u0219i s\u0103 creez un mediu cald, sincer \u0219i sigur, care s\u0103 stimuleze \u00eencrederea, onestitatea, deschiderea \u0219i autenticitatea. Folosesc o varietate de elemente din terapia cognitiv comportamental\u0103, terapii scurte centrate pe solu\u021bii \u0219i resurse sau terapia accept\u0103rii \u0219i angajamentului. \u00cens\u0103 nu m\u0103 limitez la ele \u2013 cred c\u0103 specificul situa\u021biei e cel care impune abordarea terapeutic\u0103.<\/p><p>Printre temele pe care le-am abordat \u00een experien\u021ba clinic\u0103 au fost \u0219i:<\/p><ul><li>Ameliorarea st\u0103rilor de distres \u0219i anxietate.<\/li><li>Reg\u0103sirea motiva\u021biei, a stimei de sine \u0219i a \u00eencrederii.<\/li><li>Dep\u0103\u0219irea durerii \u0219i a pierderii.<\/li><li>Combaterea sindromului post-traumatic.<\/li><\/ul>\t\t\t\t\t\t\t\t<\/div>\n\t\t\t\t<\/div>\n\t\t\t\t<\/div>\n\t\t\t\t\t<\/div>\n\t\t\t\t<\/div>\n\t\t<div class=\"elementor-element elementor-element-1b2784c e-flex e-con-boxed e-con e-parent\" data-id=\"1b2784c\" data-element_type=\"container\" data-e-type=\"container\" data-settings=\"{&quot;background_background&quot;:&quot;classic&quot;}\">\n\t\t\t\t\t<div class=\"e-con-inner\">\n\t\t<div class=\"elementor-element elementor-element-7e126f5 e-con-full e-flex e-con e-child\" data-id=\"7e126f5\" data-element_type=\"container\" data-e-type=\"container\" data-settings=\"{&quot;background_background&quot;:&quot;classic&quot;}\">\n\t\t\t\t<div class=\"elementor-element elementor-element-fad3cba elementor-widget__width-initial elementor-widget-mobile__width-inherit elementor-widget elementor-widget-heading\" data-id=\"fad3cba\" data-element_type=\"widget\" data-e-type=\"widget\" data-widget_type=\"heading.default\">\n\t\t\t\t<div class=\"elementor-widget-container\">\n\t\t\t\t\t<h3 class=\"elementor-heading-title elementor-size-default\">Consiliere&nbsp;<div>psiho-oncologica <\/div><\/h3>\t\t\t\t<\/div>\n\t\t\t\t<\/div>\n\t\t\t\t<div class=\"elementor-element elementor-element-57f8dd1 elementor-widget__width-initial elementor-widget-mobile__width-inherit elementor-widget elementor-widget-text-editor\" data-id=\"57f8dd1\" data-element_type=\"widget\" data-e-type=\"widget\" data-widget_type=\"text-editor.default\">\n\t\t\t\t<div class=\"elementor-widget-container\">\n\t\t\t\t\t\t\t\t\t<p>De la prima suspiciune \u0219i p\u00e2n\u0103 \u00een momentul \u00een care diagnosticul este confirmat, te po\u021bi confrunta cu o serie de provoc\u0103ri emo\u021bionale. Dup\u0103 diagnosticarea cancerului, apar noi probleme \u0219i preocup\u0103ri: cum s\u0103 faci fa\u021b\u0103 tratamentelor si efectelor secundare, care sunt urm\u0103torii pa\u0219i, cum sa gestionezi frica \u0219i \u00eendoiala.<\/p><p>C\u00e2nd vei dori s\u0103-\u021bi \u00eemp\u0103rt\u0103\u0219e\u0219ti g\u00e2ndurile, temerile \u0219i emo\u021biile cele mai intime cu cei apropia\u021bi \u0219i dragi, s-ar putea s\u0103 te ab\u021bii fie pentru c\u0103 sim\u021bi c\u0103 \u00ee\u021bi \u00eempov\u0103rezi familia \u0219i prietenii cu mai multe probleme, fie po\u021bi descoperi c\u0103 cei dragi \u00ee\u021bi spun s\u0103 nu s\u0103-\u021bi faci griji, s\u0103 fii curajos, pozitiv. Iar asta te poate l\u0103s\u0103 \u0219i mai frustrat, singur \u0219i pierdut pentru ca ai senza\u021bia c\u0103 nimeni nu te \u00een\u021belege.<\/p><p>Suferinta oncologica poate p\u0103rea cople\u0219itoare \u0219i sc\u0103pata de sub control. Desi este o reactie fireasca, aceste emo\u021bii pot fi dezechilibrante \u0219i, prin urmare, trebuie gestionate corespunz\u0103tor. Sunt aici pentru a v\u0103 oferi suport emo\u021bional, consiliere \u0219i \u00eendrum\u0103ri si pentru a aborda provoc\u0103rile acestui diagnostic. Vom dezbate impreuna problemele existen\u021biale ridicate de cancer \u0219i efectele pe care le are asupra dumneavoastr\u0103 dar \u0219i familiei.<\/p><p>Prin urmare, vom aplica o serie de tehnici de interven\u021bie psihologic\u0103, personalizate pentru a se potrivi nevoilor tale emo\u021bionale \u0219i psihologice \u0219i care te vor ajuta s\u0103 faci fa\u021b\u0103 diferitelor situa\u021bii \u00eent\u00e2mpinate. Vom colabora pentru a clarifica obiectivele, a restructura tiparele nes\u0103n\u0103toase \u0219i a descoperi noi posibilit\u0103\u021bi \u0219i perspective.<\/p>\t\t\t\t\t\t\t\t<\/div>\n\t\t\t\t<\/div>\n\t\t\t\t<\/div>\n\t\t\t\t\t<\/div>\n\t\t\t\t<\/div>\n\t\t<div class=\"elementor-element elementor-element-e90df12 e-flex e-con-boxed e-con e-parent\" data-id=\"e90df12\" data-element_type=\"container\" data-e-type=\"container\" data-settings=\"{&quot;background_background&quot;:&quot;classic&quot;}\">\n\t\t\t\t\t<div class=\"e-con-inner\">\n\t\t<div class=\"elementor-element elementor-element-5bed5aa e-con-full e-flex e-con e-child\" data-id=\"5bed5aa\" data-element_type=\"container\" data-e-type=\"container\" data-settings=\"{&quot;background_background&quot;:&quot;classic&quot;}\">\n\t\t\t\t<div class=\"elementor-element elementor-element-1fd2b3c elementor-widget__width-initial elementor-widget-mobile__width-inherit elementor-widget elementor-widget-heading\" data-id=\"1fd2b3c\" data-element_type=\"widget\" data-e-type=\"widget\" data-widget_type=\"heading.default\">\n\t\t\t\t<div class=\"elementor-widget-container\">\n\t\t\t\t\t<h3 class=\"elementor-heading-title elementor-size-default\">Navigator de pacien\u021bi oncologici<\/h3>\t\t\t\t<\/div>\n\t\t\t\t<\/div>\n\t\t\t\t<div class=\"elementor-element elementor-element-f19c3aa elementor-widget__width-initial elementor-widget-mobile__width-inherit elementor-widget elementor-widget-text-editor\" data-id=\"f19c3aa\" data-element_type=\"widget\" data-e-type=\"widget\" data-widget_type=\"text-editor.default\">\n\t\t\t\t<div class=\"elementor-widget-container\">\n\t\t\t\t\t\t\t\t\t<p>Din 2018 ofer suport de specialitate \u00een aria test\u0103rilor genetice specifice oncologiei \u00een cadrul unui laborator de biologie molecular\u0103. Lucr\u00e2nd zi de zi cu pacien\u021bii \u0219i medicii lor curan\u021bi mi-am dat seama c\u00e2t de bulversante sunt zilele de dup\u0103 diagnostic \u0219i c\u00e2te \u00eentreb\u0103ri ridic\u0103: \u201cCe \u00eensemn\u0103 aceste rezultate?\u201d \u201cUnde merg pentru \u00eengrijiri medicale?\u201d, \u00a0\u201cCum va r\u0103spunde corpul meu la tratament?\u201d, \u00a0\u201cCu cine pot vorbi despre cum m\u0103 simt?\u201d, etc.<\/p><p>Pentru a oferi r\u0103spunsuri acestor \u00eentreb\u0103ri \u0219i multor altora \u0219i pentru a veni \u00een ajutorul persoanelor care se confrunt\u0103 cu acest diagnostic am urmat cursul de navigator de pacien\u021bi oncologici. Am \u00eenv\u0103\u021bat cum <strong><em>s\u0103 fiu persoana de leg\u0103tur\u0103 \u00eentre medicul curant \u0219i pacient<\/em><\/strong>, \u00eempreun\u0103 form\u00e2nd o echip\u0103 al c\u0103rei scop este vindecarea, sau, atunci c\u00e2nd nu este posibil, prelungirea vie\u021bii sau ameliorarea st\u0103rii pacientului.<\/p><p>Ce pot face eu ca navigator? Pot ghida pacien\u021bii \u0219i familiile prin sistemul de s\u0103n\u0103tate pentru a \u00een\u021belege diagnosticul, rezultatul analizelor, op\u021biunile de tratament recomandate \u0219i resursele disponibile \u00een fiecare etap\u0103 a acestei afec\u021biuni. Sunt aici s\u0103 te sus\u021bin \u0219i s\u0103 te \u00eenso\u021besc pe tot acest parcurs.<\/p>\t\t\t\t\t\t\t\t<\/div>\n\t\t\t\t<\/div>\n\t\t\t\t<\/div>\n\t\t\t\t\t<\/div>\n\t\t\t\t<\/div>\n\t\t<div class=\"elementor-element elementor-element-51530f6d e-flex e-con-boxed e-con e-parent\" data-id=\"51530f6d\" data-element_type=\"container\" data-e-type=\"container\" data-settings=\"{&quot;background_background&quot;:&quot;classic&quot;}\">\n\t\t\t\t\t<div class=\"e-con-inner\">\n\t\t<div class=\"elementor-element elementor-element-1ab05988 e-con-full e-flex e-con e-child\" data-id=\"1ab05988\" data-element_type=\"container\" data-e-type=\"container\" data-settings=\"{&quot;background_background&quot;:&quot;classic&quot;}\">\n\t\t\t\t<div class=\"elementor-element elementor-element-1626b47 elementor-widget__width-initial elementor-widget-mobile__width-inherit elementor-widget elementor-widget-heading\" data-id=\"1626b47\" data-element_type=\"widget\" data-e-type=\"widget\" data-widget_type=\"heading.default\">\n\t\t\t\t<div class=\"elementor-widget-container\">\n\t\t\t\t\t<h3 class=\"elementor-heading-title elementor-size-default\">Evaluare psihologic\u0103<\/h3>\t\t\t\t<\/div>\n\t\t\t\t<\/div>\n\t\t\t\t<div class=\"elementor-element elementor-element-2b440166 elementor-widget__width-initial elementor-widget-mobile__width-inherit elementor-widget elementor-widget-text-editor\" data-id=\"2b440166\" data-element_type=\"widget\" data-e-type=\"widget\" data-widget_type=\"text-editor.default\">\n\t\t\t\t<div class=\"elementor-widget-container\">\n\t\t\t\t\t\t\t\t\t<ul><li>Dac\u0103 dore\u0219ti o mai bun\u0103 \u00een\u021belegere a comportamentului \u0219i a proceselor de g\u00e2ndire, s\u0103 te cuno\u0219ti mai bine sau manife\u0219ti \u00eengrijor\u0103ri despre func\u0163ionarea ta psihic\u0103 \u015fi emo\u0163ional\u0103. Evaluarea se desf\u0103\u0219oar\u0103 pe parcursul c\u00e2torva \u0219edin\u021be, include interviul clinic, aplicarea testelor, concluziile \u0219i recomand\u0103rile.<\/li><li>Ca parte a procesului psihoterapeutic<\/li><li>La cererea medicului specislist(psihiatru, neurolog, etc).<\/li><li>Evaluare psihologic\u0103 necesar\u0103 pentru Comisia de Handicap (pentru cazuri de deteriorare cognitiv\u0103, accidente vasculare cerebrale, tulbur\u0103ri de personalitate sau\/\u0219i afective), cu emiterea unui referat psihologic (cu timbru) adresat comisiilor de specialitate \u2013 scoruri MMSE, GAFS, Testul Ceasului, Scala Reisberg, etc.<\/li><\/ul>\t\t\t\t\t\t\t\t<\/div>\n\t\t\t\t<\/div>\n\t\t\t\t<\/div>\n\t\t\t\t\t<\/div>\n\t\t\t\t<\/div>\n\t\t\t\t<\/div>\n\t\t","protected":false},"excerpt":{"rendered":"<p>Consiliere psihologic\u0103\/ Dezvoltare personal\u0103: Te voi ajuta s\u0103 descoperi ce aspecte ale vie\u021bii tale func\u021bioneaz\u0103 \u0219i ce nu. \u00cempreun\u0103 vom explora ce vrei, de ce vrei, obstacolele pe care le \u00eent\u00e2mpini \u0219i cum s\u0103 le dep\u0103\u0219e\u0219\u021bi. \u00cencepem de unde e\u0219ti \u0219i lucr\u0103m la obiectivele tale, acord\u00e2nd o aten\u021bie deosebit\u0103 evolu\u021biei tale pe parcursul \u0219edin\u021belor. Scopurile [&hellip;]<\/p>\n","protected":false},"author":2,"featured_media":0,"parent":0,"menu_order":0,"comment_status":"closed","ping_status":"closed","template":"","meta":{"two_page_speed":[],"footnotes":""},"class_list":["post-145","page","type-page","status-publish","hentry"],"_links":{"self":[{"href":"https:\/\/xn--pamelansurelu-gjb33ao8m.com\/index.php\/wp-json\/wp\/v2\/pages\/145","targetHints":{"allow":["GET"]}}],"collection":[{"href":"https:\/\/xn--pamelansurelu-gjb33ao8m.com\/index.php\/wp-json\/wp\/v2\/pages"}],"about":[{"href":"https:\/\/xn--pamelansurelu-gjb33ao8m.com\/index.php\/wp-json\/wp\/v2\/types\/page"}],"author":[{"embeddable":true,"href":"https:\/\/xn--pamelansurelu-gjb33ao8m.com\/index.php\/wp-json\/wp\/v2\/users\/2"}],"replies":[{"embeddable":true,"href":"https:\/\/xn--pamelansurelu-gjb33ao8m.com\/index.php\/wp-json\/wp\/v2\/comments?post=145"}],"version-history":[{"count":51,"href":"https:\/\/xn--pamelansurelu-gjb33ao8m.com\/index.php\/wp-json\/wp\/v2\/pages\/145\/revisions"}],"predecessor-version":[{"id":639,"href":"https:\/\/xn--pamelansurelu-gjb33ao8m.com\/index.php\/wp-json\/wp\/v2\/pages\/145\/revisions\/639"}],"wp:attachment":[{"href":"https:\/\/xn--pamelansurelu-gjb33ao8m.com\/index.php\/wp-json\/wp\/v2\/media?parent=145"}],"curies":[{"name":"wp","href":"https:\/\/api.w.org\/{rel}","templated":true}]}}